{"id":80,"date":"2024-08-20T04:38:27","date_gmt":"2024-08-20T04:38:27","guid":{"rendered":"https:\/\/www.vakantiehuisnoordeinde.nl\/?page_id=80"},"modified":"2024-08-29T20:14:23","modified_gmt":"2024-08-29T20:14:23","slug":"prijzen-en-huurvoorwaarden","status":"publish","type":"page","link":"https:\/\/www.vakantiehuisnoordeinde.nl\/?page_id=80","title":{"rendered":"Prijzen en huurvoorwaarden"},"content":{"rendered":"\n<h2 class=\"wp-block-heading\"><strong>Prijsinformatie<\/strong><\/h2>\n\n\n\n<p><strong>Huurprijzen vakantiehuis &#8216;Noordeinde&#8217;:<\/strong><\/p>\n\n\n\n<p>hoogseizoen (alleen in de maanden juli en augustus):<\/p>\n\n\n\n<ul class=\"wp-block-list\">\n<li>alleen per week te boeken van zaterdag tot zaterdag voor \u20ac 500,=<\/li>\n<\/ul>\n\n\n\n<p>laagseizoen (overige maanden):<\/p>\n\n\n\n<ul class=\"wp-block-list\">\n<li>van zaterdag tot zaterdag voor \u20ac 450,=<\/li>\n\n\n\n<li>midweek (maandag t\/m vrijdag): \u20ac&nbsp;350,=<\/li>\n\n\n\n<li>weekend (vrijdag t.m maandag): \u20ac 230,=<\/li>\n\n\n\n<li>per dag (+ 1 overnachting): \u20ac 85,=<\/li>\n<\/ul>\n\n\n\n<h3 class=\"wp-block-heading\"><strong>Huurprijs is inclusief<\/strong><\/h3>\n\n\n\n<ul class=\"wp-block-list\">\n<li>Boekingskosten<\/li>\n\n\n\n<li>Energieverbruik (water en elektra)<\/li>\n\n\n\n<li>Handdoeken (2 handdoeken per persoon aanwezig)<\/li>\n\n\n\n<li>Internet<\/li>\n\n\n\n<li>Keukenlinnen<\/li>\n\n\n\n<li>Toeristenbelasting<\/li>\n<\/ul>\n\n\n\n<p>De huurprijs is <strong>exclusief:<\/strong><\/p>\n\n\n\n<ul class=\"wp-block-list\">\n<li>gasverbruik (de CV combiketel heeft een tussenmeter die het verbruik weergeeft) <\/li>\n\n\n\n<li>schoonmaakkosten \u20ac 50,= per boekingsperiode.<\/li>\n\n\n\n<li>een borgsom ter hoogte van \u20ac 150,=<\/li>\n\n\n\n<li>eventueel: bedlinnen (dekbedhoezen, slopen, lakens) \u20ac 10,= per persoon (per boekingsperiode)<\/li>\n<\/ul>\n\n\n\n<p><strong>Zelf eventueel mee te nemen<\/strong><\/p>\n\n\n\n<ul class=\"wp-block-list\">\n<li>Kinderbed<\/li>\n<\/ul>\n\n\n\n<h2 class=\"wp-block-heading\"><strong>Bijzonderheden<\/strong><\/h2>\n\n\n\n<ul class=\"wp-block-list\">\n<li>Bij aankomst ligt per persoon \u00e9\u00e9n set handdoeken en een set keukenlinnen voor u klaar.<\/li>\n\n\n\n<li>Op de dag van aankomst kunt u vanaf 16.00 uur gebruik maken van het vakantiehuis.<\/li>\n\n\n\n<li>U kunt uw fietsen veilig en droog stallen in de garage (afsluitbaar met slot) ook kunt u hier uw elektrische fiets(en) opladen.<\/li>\n\n\n\n<li>Let op: de&nbsp;vakantiewoning is NIET te huur voor jeugdgroepen. Het organiseren van studentenfeesten, vrijgezellenfeesten etc. is niet toegestaan.<\/li>\n\n\n\n<li>In het huis mag niet gerookt worden, wel op het terras. <\/li>\n\n\n\n<li>Huisdieren niet toegestaan.<\/li>\n\n\n\n<li>De woning is enkel te huur voor een korte vakantieperiode (max. een aantal weken, een zgn. &#8216;huurovereenkomst van korte duur&#8217;).<\/li>\n\n\n\n<li>We respecteren de zondagsrust; dat betekent dat er op zondagen en christelijke feestdagen niet ingecheckt kan worden. Wel kunt u na overleg uitchecken op zondag.<\/li>\n<\/ul>\n\n\n\n<p><\/p>\n\n\n\n<p><strong>Vastleggen van uw vakantieboeking<\/strong><br>Nadat u aan ons een verzoek tot reservering heeft doorgegeven (zie kopje &#8216;Reserveren&#8217;), ontvangt u een bevestiging van ons.<br>Hierna zenden wij u het huurcontract en onze algemene huurvoorwaarden. Het huurcontract ontvangen we graag ingevuld en ondertekend retour. Vervolgens krijgt u een bevestiging van ontvangst en goedkeuring. Uw boeking is dan definitief.<\/p>\n\n\n\n<p><strong>Beleid inzake annulering<\/strong><br>Bij annulering tot 45 dag(en) v\u00f3\u00f3r het inchecken wordt 35% van de boekingswaarde in rekening gebracht.<br>Bij annulering tot 29 dag(en) v\u00f3\u00f3r het inchecken wordt 60% van de boekingswaarde in rekening gebracht.<br>Bij annulering tot 1 dag(en) v\u00f3\u00f3r het inchecken wordt 90% van de boekingswaarde in rekening gebracht.<br>Bij annulering tot 0 dag(en) v\u00f3\u00f3r het inchecken wordt 100% van de boekingswaarde in rekening gebracht.<\/p>\n\n\n\n<p>Voor de algemene huurvoorwaarden klik <a href=\"https:\/\/www.vakantiehuisnoordeinde.nl\/?page_id=414\" target=\"_blank\" rel=\"noreferrer noopener nofollow\">hier<\/a>.<\/p>\n","protected":false},"excerpt":{"rendered":"<p>Prijsinformatie Huurprijzen vakantiehuis &#8216;Noordeinde&#8217;: hoogseizoen (alleen in de maanden juli en augustus): laagseizoen (overige maanden): Huurprijs is inclusief De huurprijs is exclusief: Zelf eventueel mee te nemen Bijzonderheden Vastleggen van uw vakantieboekingNadat u aan ons een verzoek tot reservering heeft doorgegeven (zie kopje &#8216;Reserveren&#8217;), ontvangt u een bevestiging van ons.Hierna zenden wij u het huurcontract &#8230; <a title=\"Prijzen en huurvoorwaarden\" class=\"read-more\" href=\"https:\/\/www.vakantiehuisnoordeinde.nl\/?page_id=80\" aria-label=\"Lees meer over Prijzen en huurvoorwaarden\">Lees verder<\/a><\/p>\n","protected":false},"author":1,"featured_media":0,"parent":0,"menu_order":0,"comment_status":"closed","ping_status":"closed","template":"","meta":{"footnotes":""},"class_list":["post-80","page","type-page","status-publish"],"_links":{"self":[{"href":"https:\/\/www.vakantiehuisnoordeinde.nl\/index.php?rest_route=\/wp\/v2\/pages\/80","targetHints":{"allow":["GET"]}}],"collection":[{"href":"https:\/\/www.vakantiehuisnoordeinde.nl\/index.php?rest_route=\/wp\/v2\/pages"}],"about":[{"href":"https:\/\/www.vakantiehuisnoordeinde.nl\/index.php?rest_route=\/wp\/v2\/types\/page"}],"author":[{"embeddable":true,"href":"https:\/\/www.vakantiehuisnoordeinde.nl\/index.php?rest_route=\/wp\/v2\/users\/1"}],"replies":[{"embeddable":true,"href":"https:\/\/www.vakantiehuisnoordeinde.nl\/index.php?rest_route=%2Fwp%2Fv2%2Fcomments&post=80"}],"version-history":[{"count":23,"href":"https:\/\/www.vakantiehuisnoordeinde.nl\/index.php?rest_route=\/wp\/v2\/pages\/80\/revisions"}],"predecessor-version":[{"id":513,"href":"https:\/\/www.vakantiehuisnoordeinde.nl\/index.php?rest_route=\/wp\/v2\/pages\/80\/revisions\/513"}],"wp:attachment":[{"href":"https:\/\/www.vakantiehuisnoordeinde.nl\/index.php?rest_route=%2Fwp%2Fv2%2Fmedia&parent=80"}],"curies":[{"name":"wp","href":"https:\/\/api.w.org\/{rel}","templated":true}]}}